{"id":106,"date":"2025-05-25T20:15:11","date_gmt":"2025-05-25T18:15:11","guid":{"rendered":"https:\/\/www.sodermalmssnickeri.se\/?page_id=106"},"modified":"2025-06-30T07:53:55","modified_gmt":"2025-06-30T05:53:55","slug":"offentliga-rum","status":"publish","type":"page","link":"https:\/\/sodermalmssnickeri.se\/?page_id=106","title":{"rendered":"Offentliga Rum"},"content":{"rendered":"\t\t<div data-elementor-type=\"wp-page\" data-elementor-id=\"106\" class=\"elementor elementor-106\">\n\t\t\t\t<div class=\"elementor-element elementor-element-bb2a092 e-flex e-con-boxed e-con e-parent\" data-id=\"bb2a092\" data-element_type=\"container\" data-settings=\"{&quot;background_background&quot;:&quot;slideshow&quot;,&quot;background_slideshow_gallery&quot;:[{&quot;id&quot;:30,&quot;url&quot;:&quot;https:\\\/\\\/test.sodermalmssnickeri.se\\\/wp-content\\\/uploads\\\/2025\\\/05\\\/141001_snickeri115.jpg&quot;}],&quot;background_slideshow_slide_duration&quot;:5000,&quot;background_slideshow_slide_transition&quot;:&quot;fade&quot;,&quot;background_slideshow_transition_duration&quot;:500}\">\n\t\t\t\t\t<div class=\"e-con-inner\">\n\t\t\t\t\t<\/div>\n\t\t\t\t<\/div>\n\t\t<div class=\"elementor-element elementor-element-7b4e9ae e-flex e-con-boxed e-con e-parent\" data-id=\"7b4e9ae\" data-element_type=\"container\">\n\t\t\t\t\t<div class=\"e-con-inner\">\n\t\t\t\t<div class=\"elementor-element elementor-element-8e00059 elementor-widget elementor-widget-heading\" data-id=\"8e00059\" data-element_type=\"widget\" data-widget_type=\"heading.default\">\n\t\t\t\t<div class=\"elementor-widget-container\">\n\t\t\t\t\t<h1 class=\"elementor-heading-title elementor-size-default\">Offentliga Rum<\/h1>\t\t\t\t<\/div>\n\t\t\t\t<\/div>\n\t\t\t\t<div class=\"elementor-element elementor-element-890503f elementor-widget elementor-widget-text-editor\" data-id=\"890503f\" data-element_type=\"widget\" data-widget_type=\"text-editor.default\">\n\t\t\t\t<div class=\"elementor-widget-container\">\n\t\t\t\t\t\t\t\t\t<p>Genom \u00e5ren har vi tillverkat inredningar till ett flertal unika rum och milj\u00f6er.<\/p><p>Inredning till kyrkor, restauranger, museer, samt utst\u00e4llningar<\/p><p>i samarbete med Arkitekter och Formgivare.<\/p>\t\t\t\t\t\t\t\t<\/div>\n\t\t\t\t<\/div>\n\t\t\t\t\t<\/div>\n\t\t\t\t<\/div>\n\t\t<div class=\"elementor-element elementor-element-3b7f33f e-grid e-con-boxed e-con e-parent\" data-id=\"3b7f33f\" data-element_type=\"container\">\n\t\t\t\t\t<div class=\"e-con-inner\">\n\t\t<div class=\"elementor-element elementor-element-3887315 e-con-full e-flex e-con e-child\" data-id=\"3887315\" data-element_type=\"container\">\n\t\t\t\t<div class=\"elementor-element elementor-element-83e7c56 elementor-widget elementor-widget-image\" data-id=\"83e7c56\" data-element_type=\"widget\" data-widget_type=\"image.default\">\n\t\t\t\t<div class=\"elementor-widget-container\">\n\t\t\t\t\t\t\t\t\t\t\t\t\t\t\t\t<a href=\"https:\/\/sodermalmssnickeri.se\/?page_id=126\">\n\t\t\t\t\t\t\t<img fetchpriority=\"high\" decoding=\"async\" width=\"1024\" height=\"1024\" src=\"https:\/\/sodermalmssnickeri.se\/wp-content\/uploads\/2025\/06\/jubileumsrum-inredning-square-1024x1024.png\" class=\"attachment-large size-large wp-image-607\" alt=\"jubileumsrum-inredning-square\" srcset=\"https:\/\/sodermalmssnickeri.se\/wp-content\/uploads\/2025\/06\/jubileumsrum-inredning-square-1024x1024.png 1024w, https:\/\/sodermalmssnickeri.se\/wp-content\/uploads\/2025\/06\/jubileumsrum-inredning-square-300x300.png 300w, https:\/\/sodermalmssnickeri.se\/wp-content\/uploads\/2025\/06\/jubileumsrum-inredning-square-150x150.png 150w, https:\/\/sodermalmssnickeri.se\/wp-content\/uploads\/2025\/06\/jubileumsrum-inredning-square-768x768.png 768w, https:\/\/sodermalmssnickeri.se\/wp-content\/uploads\/2025\/06\/jubileumsrum-inredning-square.png 1080w\" sizes=\"(max-width: 1024px) 100vw, 1024px\" \/>\t\t\t\t\t\t\t\t<\/a>\n\t\t\t\t\t\t\t\t\t\t\t\t\t\t\t<\/div>\n\t\t\t\t<\/div>\n\t\t\t\t<div class=\"elementor-element elementor-element-d9cf6f7 elementor-widget elementor-widget-heading\" data-id=\"d9cf6f7\" data-element_type=\"widget\" data-widget_type=\"heading.default\">\n\t\t\t\t<div class=\"elementor-widget-container\">\n\t\t\t\t\t<h4 class=\"elementor-heading-title elementor-size-default\"><a href=\"https:\/\/sodermalmssnickeri.se\/?page_id=126\">Representationsrum<\/a><\/h4>\t\t\t\t<\/div>\n\t\t\t\t<\/div>\n\t\t\t\t<div class=\"elementor-element elementor-element-467109a elementor-widget elementor-widget-text-editor\" data-id=\"467109a\" data-element_type=\"widget\" data-widget_type=\"text-editor.default\">\n\t\t\t\t<div class=\"elementor-widget-container\">\n\t\t\t\t\t\t\t\t\t<p>M\u00f6tesrum, restaurangm\u00f6bler<\/p>\t\t\t\t\t\t\t\t<\/div>\n\t\t\t\t<\/div>\n\t\t\t\t<\/div>\n\t\t<div class=\"elementor-element elementor-element-6d87a56 e-con-full e-flex e-con e-child\" data-id=\"6d87a56\" data-element_type=\"container\">\n\t\t\t\t<div class=\"elementor-element elementor-element-e05afd3 elementor-widget elementor-widget-image\" data-id=\"e05afd3\" data-element_type=\"widget\" data-widget_type=\"image.default\">\n\t\t\t\t<div class=\"elementor-widget-container\">\n\t\t\t\t\t\t\t\t\t\t\t\t\t\t\t\t<a href=\"https:\/\/sodermalmssnickeri.se\/?page_id=370\">\n\t\t\t\t\t\t\t<img decoding=\"async\" width=\"1024\" height=\"1024\" src=\"https:\/\/sodermalmssnickeri.se\/wp-content\/uploads\/2025\/06\/nattvard-square-1024x1024.png\" class=\"attachment-large size-large wp-image-618\" alt=\"nattvardsbord-altarbord\" srcset=\"https:\/\/sodermalmssnickeri.se\/wp-content\/uploads\/2025\/06\/nattvard-square-1024x1024.png 1024w, https:\/\/sodermalmssnickeri.se\/wp-content\/uploads\/2025\/06\/nattvard-square-300x300.png 300w, https:\/\/sodermalmssnickeri.se\/wp-content\/uploads\/2025\/06\/nattvard-square-150x150.png 150w, https:\/\/sodermalmssnickeri.se\/wp-content\/uploads\/2025\/06\/nattvard-square-768x768.png 768w, https:\/\/sodermalmssnickeri.se\/wp-content\/uploads\/2025\/06\/nattvard-square.png 1080w\" sizes=\"(max-width: 1024px) 100vw, 1024px\" \/>\t\t\t\t\t\t\t\t<\/a>\n\t\t\t\t\t\t\t\t\t\t\t\t\t\t\t<\/div>\n\t\t\t\t<\/div>\n\t\t\t\t<div class=\"elementor-element elementor-element-5d21a46 elementor-widget elementor-widget-heading\" data-id=\"5d21a46\" data-element_type=\"widget\" data-widget_type=\"heading.default\">\n\t\t\t\t<div class=\"elementor-widget-container\">\n\t\t\t\t\t<h4 class=\"elementor-heading-title elementor-size-default\"><a href=\"https:\/\/sodermalmssnickeri.se\/?page_id=370\">Kyrkoinredningar<\/a><\/h4>\t\t\t\t<\/div>\n\t\t\t\t<\/div>\n\t\t\t\t<div class=\"elementor-element elementor-element-2d08de7 elementor-widget elementor-widget-text-editor\" data-id=\"2d08de7\" data-element_type=\"widget\" data-widget_type=\"text-editor.default\">\n\t\t\t\t<div class=\"elementor-widget-container\">\n\t\t\t\t\t\t\t\t\t<p>Liturgiska m\u00f6bler och f\u00f6rem\u00e5l<\/p>\t\t\t\t\t\t\t\t<\/div>\n\t\t\t\t<\/div>\n\t\t\t\t<\/div>\n\t\t\t\t\t<\/div>\n\t\t\t\t<\/div>\n\t\t\t\t<\/div>\n\t\t","protected":false},"excerpt":{"rendered":"<p>Offentliga Rum Genom \u00e5ren har vi tillverkat inredningar till ett flertal unika rum och milj\u00f6er. Inredning till kyrkor, restauranger, museer, [&hellip;]<\/p>\n","protected":false},"author":1,"featured_media":0,"parent":0,"menu_order":0,"comment_status":"closed","ping_status":"closed","template":"elementor_header_footer","meta":{"site-sidebar-layout":"default","site-content-layout":"","ast-site-content-layout":"","site-content-style":"default","site-sidebar-style":"default","ast-global-header-display":"","ast-banner-title-visibility":"","ast-main-header-display":"","ast-hfb-above-header-display":"","ast-hfb-below-header-display":"","ast-hfb-mobile-header-display":"","site-post-title":"","ast-breadcrumbs-content":"","ast-featured-img":"","footer-sml-layout":"","theme-transparent-header-meta":"","adv-header-id-meta":"","stick-header-meta":"","header-above-stick-meta":"","header-main-stick-meta":"","header-below-stick-meta":"","astra-migrate-meta-layouts":"default","ast-page-background-enabled":"default","ast-page-background-meta":{"desktop":{"background-color":"var(--ast-global-color-5)","background-image":"","background-repeat":"repeat","background-position":"center center","background-size":"auto","background-attachment":"scroll","background-type":"","background-media":"","overlay-type":"","overlay-color":"","overlay-opacity":"","overlay-gradient":""},"tablet":{"background-color":"","background-image":"","background-repeat":"repeat","background-position":"center center","background-size":"auto","background-attachment":"scroll","background-type":"","background-media":"","overlay-type":"","overlay-color":"","overlay-opacity":"","overlay-gradient":""},"mobile":{"background-color":"","background-image":"","background-repeat":"repeat","background-position":"center center","background-size":"auto","background-attachment":"scroll","background-type":"","background-media":"","overlay-type":"","overlay-color":"","overlay-opacity":"","overlay-gradient":""}},"ast-content-background-meta":{"desktop":{"background-color":"var(--ast-global-color-4)","background-image":"","background-repeat":"repeat","background-position":"center center","background-size":"auto","background-attachment":"scroll","background-type":"","background-media":"","overlay-type":"","overlay-color":"","overlay-opacity":"","overlay-gradient":""},"tablet":{"background-color":"var(--ast-global-color-4)","background-image":"","background-repeat":"repeat","background-position":"center center","background-size":"auto","background-attachment":"scroll","background-type":"","background-media":"","overlay-type":"","overlay-color":"","overlay-opacity":"","overlay-gradient":""},"mobile":{"background-color":"var(--ast-global-color-4)","background-image":"","background-repeat":"repeat","background-position":"center center","background-size":"auto","background-attachment":"scroll","background-type":"","background-media":"","overlay-type":"","overlay-color":"","overlay-opacity":"","overlay-gradient":""}},"footnotes":""},"class_list":["post-106","page","type-page","status-publish","hentry"],"_links":{"self":[{"href":"https:\/\/sodermalmssnickeri.se\/index.php?rest_route=\/wp\/v2\/pages\/106","targetHints":{"allow":["GET"]}}],"collection":[{"href":"https:\/\/sodermalmssnickeri.se\/index.php?rest_route=\/wp\/v2\/pages"}],"about":[{"href":"https:\/\/sodermalmssnickeri.se\/index.php?rest_route=\/wp\/v2\/types\/page"}],"author":[{"embeddable":true,"href":"https:\/\/sodermalmssnickeri.se\/index.php?rest_route=\/wp\/v2\/users\/1"}],"replies":[{"embeddable":true,"href":"https:\/\/sodermalmssnickeri.se\/index.php?rest_route=%2Fwp%2Fv2%2Fcomments&post=106"}],"version-history":[{"count":113,"href":"https:\/\/sodermalmssnickeri.se\/index.php?rest_route=\/wp\/v2\/pages\/106\/revisions"}],"predecessor-version":[{"id":1861,"href":"https:\/\/sodermalmssnickeri.se\/index.php?rest_route=\/wp\/v2\/pages\/106\/revisions\/1861"}],"wp:attachment":[{"href":"https:\/\/sodermalmssnickeri.se\/index.php?rest_route=%2Fwp%2Fv2%2Fmedia&parent=106"}],"curies":[{"name":"wp","href":"https:\/\/api.w.org\/{rel}","templated":true}]}}