{"id":179,"date":"2025-05-25T20:40:41","date_gmt":"2025-05-25T18:40:41","guid":{"rendered":"https:\/\/www.sodermalmssnickeri.se\/?page_id=179"},"modified":"2025-07-13T11:56:33","modified_gmt":"2025-07-13T09:56:33","slug":"foretag","status":"publish","type":"page","link":"https:\/\/sodermalmssnickeri.se\/?page_id=179","title":{"rendered":"F\u00f6retag"},"content":{"rendered":"\t\t<div data-elementor-type=\"wp-page\" data-elementor-id=\"179\" class=\"elementor elementor-179\">\n\t\t\t\t<div class=\"elementor-element elementor-element-3b42d1f4 e-flex e-con-boxed e-con e-parent\" data-id=\"3b42d1f4\" data-element_type=\"container\" data-settings=\"{&quot;background_background&quot;:&quot;slideshow&quot;,&quot;background_slideshow_gallery&quot;:[],&quot;background_slideshow_slide_duration&quot;:5000,&quot;background_slideshow_slide_transition&quot;:&quot;fade&quot;,&quot;background_slideshow_transition_duration&quot;:500}\">\n\t\t\t\t\t<div class=\"e-con-inner\">\n\t\t<div class=\"elementor-element elementor-element-d769f5c e-con-full e-flex e-con e-child\" data-id=\"d769f5c\" data-element_type=\"container\" data-settings=\"{&quot;background_background&quot;:&quot;slideshow&quot;,&quot;background_slideshow_gallery&quot;:[{&quot;id&quot;:30,&quot;url&quot;:&quot;https:\\\/\\\/test.sodermalmssnickeri.se\\\/wp-content\\\/uploads\\\/2025\\\/05\\\/141001_snickeri115.jpg&quot;}],&quot;background_slideshow_slide_duration&quot;:5000,&quot;background_slideshow_slide_transition&quot;:&quot;fade&quot;,&quot;background_slideshow_transition_duration&quot;:500}\">\n\t\t\t\t<\/div>\n\t\t\t\t\t<\/div>\n\t\t\t\t<\/div>\n\t\t<div class=\"elementor-element elementor-element-be52a7d e-flex e-con-boxed e-con e-parent\" data-id=\"be52a7d\" data-element_type=\"container\">\n\t\t\t\t\t<div class=\"e-con-inner\">\n\t\t\t\t<div class=\"elementor-element elementor-element-ece56ec elementor-widget elementor-widget-heading\" data-id=\"ece56ec\" data-element_type=\"widget\" data-widget_type=\"heading.default\">\n\t\t\t\t<div class=\"elementor-widget-container\">\n\t\t\t\t\t<h1 class=\"elementor-heading-title elementor-size-default\">F\u00f6retag<\/h1>\t\t\t\t<\/div>\n\t\t\t\t<\/div>\n\t\t\t\t\t<\/div>\n\t\t\t\t<\/div>\n\t\t<div class=\"elementor-element elementor-element-2338a4c6 e-grid e-con-boxed e-con e-parent\" data-id=\"2338a4c6\" data-element_type=\"container\">\n\t\t\t\t\t<div class=\"e-con-inner\">\n\t\t\t\t<div class=\"elementor-element elementor-element-3cb54e90 elementor-widget elementor-widget-image\" data-id=\"3cb54e90\" data-element_type=\"widget\" data-widget_type=\"image.default\">\n\t\t\t\t<div class=\"elementor-widget-container\">\n\t\t\t\t\t\t\t\t\t\t\t\t\t\t\t<img fetchpriority=\"high\" decoding=\"async\" width=\"1024\" height=\"1024\" src=\"https:\/\/sodermalmssnickeri.se\/wp-content\/uploads\/2025\/06\/Foretag-Sjalvportratt-1024x1024.png\" class=\"attachment-large size-large wp-image-428\" alt=\"Fo\u0308retag-portra\u0308tt\" srcset=\"https:\/\/sodermalmssnickeri.se\/wp-content\/uploads\/2025\/06\/Foretag-Sjalvportratt-1024x1024.png 1024w, https:\/\/sodermalmssnickeri.se\/wp-content\/uploads\/2025\/06\/Foretag-Sjalvportratt-300x300.png 300w, https:\/\/sodermalmssnickeri.se\/wp-content\/uploads\/2025\/06\/Foretag-Sjalvportratt-150x150.png 150w, https:\/\/sodermalmssnickeri.se\/wp-content\/uploads\/2025\/06\/Foretag-Sjalvportratt-768x768.png 768w, https:\/\/sodermalmssnickeri.se\/wp-content\/uploads\/2025\/06\/Foretag-Sjalvportratt.png 1080w\" sizes=\"(max-width: 1024px) 100vw, 1024px\" \/>\t\t\t\t\t\t\t\t\t\t\t\t\t\t\t<\/div>\n\t\t\t\t<\/div>\n\t\t\t\t<div class=\"elementor-element elementor-element-a276206 elementor-widget elementor-widget-text-editor\" data-id=\"a276206\" data-element_type=\"widget\" data-widget_type=\"text-editor.default\">\n\t\t\t\t<div class=\"elementor-widget-container\">\n\t\t\t\t\t\t\t\t\t<p>\u00a0<\/p><p><span style=\"font-style: inherit; font-weight: inherit;\">\u00a0<\/span><span style=\"font-style: inherit; font-weight: inherit;\">S\u00f6dermalms Snickeri \u00e4r ett av Stockholms anrika snickerif\u00f6retag, och drevs fram till 2022<\/span><span style=\"font-size: 1rem; font-style: inherit; font-weight: inherit;\">\u00a0<\/span><span style=\"font-size: 1rem; font-style: inherit; font-weight: inherit;\">p\u00e5 kocksgatan i stockholms innerstad.<\/span><\/p><p>Nu har vi flyttat v\u00e5r verksamhet och verkstad till L\u00e4nna, f\u00f6r att skapa b\u00e4ttre f\u00f6ruts\u00e4ttningar f\u00f6r framtida projekt.\u00a0<\/p><p>Snickeriet \u00e4gs och drivs av Snickarm\u00e4stare Erik Danielsson<\/p><p>Snickeriet \u00e4r utrustat med en traditionell modern maskinpark och har ett n\u00e4tverk av samarbetspartners inom metall, glas, tapetseri och lackering<\/p><p>Vi tillverkar m\u00f6bler och inredningar av h\u00f6g kvalitet, men tar \u00e4ven emot best\u00e4llningar p\u00e5 profilerade listverk och foder i specialutf\u00f6rande.<\/p><p>V\u00e5ra uppdragsgivare \u00e4r fr\u00e4mst arkitektkontor och byggf\u00f6retag men \u00e4ven privatpersoner \u00e4r v\u00e4lkomna med f\u00f6rfr\u00e5gningar<\/p>\t\t\t\t\t\t\t\t<\/div>\n\t\t\t\t<\/div>\n\t\t\t\t\t<\/div>\n\t\t\t\t<\/div>\n\t\t<div class=\"elementor-element elementor-element-a92f768 e-grid e-con-boxed e-con e-parent\" data-id=\"a92f768\" data-element_type=\"container\">\n\t\t\t\t\t<div class=\"e-con-inner\">\n\t\t\t\t<div class=\"elementor-element elementor-element-e85b6d3 elementor-widget elementor-widget-image\" data-id=\"e85b6d3\" data-element_type=\"widget\" data-widget_type=\"image.default\">\n\t\t\t\t<div class=\"elementor-widget-container\">\n\t\t\t\t\t\t\t\t\t\t\t\t\t\t\t<img decoding=\"async\" width=\"1024\" height=\"683\" src=\"https:\/\/sodermalmssnickeri.se\/wp-content\/uploads\/2025\/05\/141001_snickeri107-1024x683.jpg\" class=\"attachment-large size-large wp-image-27\" alt=\"\" srcset=\"https:\/\/sodermalmssnickeri.se\/wp-content\/uploads\/2025\/05\/141001_snickeri107-1024x683.jpg 1024w, https:\/\/sodermalmssnickeri.se\/wp-content\/uploads\/2025\/05\/141001_snickeri107-300x200.jpg 300w, https:\/\/sodermalmssnickeri.se\/wp-content\/uploads\/2025\/05\/141001_snickeri107-768x512.jpg 768w, https:\/\/sodermalmssnickeri.se\/wp-content\/uploads\/2025\/05\/141001_snickeri107-1536x1024.jpg 1536w, https:\/\/sodermalmssnickeri.se\/wp-content\/uploads\/2025\/05\/141001_snickeri107.jpg 1650w\" sizes=\"(max-width: 1024px) 100vw, 1024px\" \/>\t\t\t\t\t\t\t\t\t\t\t\t\t\t\t<\/div>\n\t\t\t\t<\/div>\n\t\t\t\t<div class=\"elementor-element elementor-element-18f957f elementor-widget elementor-widget-image\" data-id=\"18f957f\" data-element_type=\"widget\" data-widget_type=\"image.default\">\n\t\t\t\t<div class=\"elementor-widget-container\">\n\t\t\t\t\t\t\t\t\t\t\t\t\t\t\t<img decoding=\"async\" width=\"1024\" height=\"683\" src=\"https:\/\/sodermalmssnickeri.se\/wp-content\/uploads\/2025\/05\/141001_snickeri100-1024x683.jpg\" class=\"attachment-large size-large wp-image-26\" alt=\"\" srcset=\"https:\/\/sodermalmssnickeri.se\/wp-content\/uploads\/2025\/05\/141001_snickeri100-1024x683.jpg 1024w, https:\/\/sodermalmssnickeri.se\/wp-content\/uploads\/2025\/05\/141001_snickeri100-300x200.jpg 300w, https:\/\/sodermalmssnickeri.se\/wp-content\/uploads\/2025\/05\/141001_snickeri100-768x512.jpg 768w, https:\/\/sodermalmssnickeri.se\/wp-content\/uploads\/2025\/05\/141001_snickeri100-1536x1024.jpg 1536w, https:\/\/sodermalmssnickeri.se\/wp-content\/uploads\/2025\/05\/141001_snickeri100.jpg 1650w\" sizes=\"(max-width: 1024px) 100vw, 1024px\" \/>\t\t\t\t\t\t\t\t\t\t\t\t\t\t\t<\/div>\n\t\t\t\t<\/div>\n\t\t\t\t<div class=\"elementor-element elementor-element-ca7bbf6 elementor-widget elementor-widget-image\" data-id=\"ca7bbf6\" data-element_type=\"widget\" data-widget_type=\"image.default\">\n\t\t\t\t<div class=\"elementor-widget-container\">\n\t\t\t\t\t\t\t\t\t\t\t\t\t\t\t<img loading=\"lazy\" decoding=\"async\" width=\"1024\" height=\"683\" src=\"https:\/\/sodermalmssnickeri.se\/wp-content\/uploads\/2025\/05\/141001_snickeri075-1024x683.jpg\" class=\"attachment-large size-large wp-image-23\" alt=\"\" srcset=\"https:\/\/sodermalmssnickeri.se\/wp-content\/uploads\/2025\/05\/141001_snickeri075-1024x683.jpg 1024w, https:\/\/sodermalmssnickeri.se\/wp-content\/uploads\/2025\/05\/141001_snickeri075-300x200.jpg 300w, https:\/\/sodermalmssnickeri.se\/wp-content\/uploads\/2025\/05\/141001_snickeri075-768x512.jpg 768w, https:\/\/sodermalmssnickeri.se\/wp-content\/uploads\/2025\/05\/141001_snickeri075-1536x1024.jpg 1536w, https:\/\/sodermalmssnickeri.se\/wp-content\/uploads\/2025\/05\/141001_snickeri075.jpg 1650w\" sizes=\"(max-width: 1024px) 100vw, 1024px\" \/>\t\t\t\t\t\t\t\t\t\t\t\t\t\t\t<\/div>\n\t\t\t\t<\/div>\n\t\t\t\t\t<\/div>\n\t\t\t\t<\/div>\n\t\t<div class=\"elementor-element elementor-element-aca8f2f e-grid e-con-boxed e-con e-parent\" data-id=\"aca8f2f\" data-element_type=\"container\">\n\t\t\t\t\t<div class=\"e-con-inner\">\n\t\t\t\t<div class=\"elementor-element elementor-element-9ed5587 elementor-widget elementor-widget-image\" data-id=\"9ed5587\" data-element_type=\"widget\" data-widget_type=\"image.default\">\n\t\t\t\t<div class=\"elementor-widget-container\">\n\t\t\t\t\t\t\t\t\t\t\t\t\t\t\t<img loading=\"lazy\" decoding=\"async\" width=\"1024\" height=\"670\" src=\"https:\/\/sodermalmssnickeri.se\/wp-content\/uploads\/2025\/05\/141001_snickeri156-2-1024x670.jpg\" class=\"attachment-large size-large wp-image-39\" alt=\"\" srcset=\"https:\/\/sodermalmssnickeri.se\/wp-content\/uploads\/2025\/05\/141001_snickeri156-2-1024x670.jpg 1024w, https:\/\/sodermalmssnickeri.se\/wp-content\/uploads\/2025\/05\/141001_snickeri156-2-300x196.jpg 300w, https:\/\/sodermalmssnickeri.se\/wp-content\/uploads\/2025\/05\/141001_snickeri156-2-768x503.jpg 768w, https:\/\/sodermalmssnickeri.se\/wp-content\/uploads\/2025\/05\/141001_snickeri156-2-1536x1006.jpg 1536w, https:\/\/sodermalmssnickeri.se\/wp-content\/uploads\/2025\/05\/141001_snickeri156-2.jpg 1735w\" sizes=\"(max-width: 1024px) 100vw, 1024px\" \/>\t\t\t\t\t\t\t\t\t\t\t\t\t\t\t<\/div>\n\t\t\t\t<\/div>\n\t\t\t\t<div class=\"elementor-element elementor-element-a6e4b01 elementor-widget elementor-widget-image\" data-id=\"a6e4b01\" data-element_type=\"widget\" data-widget_type=\"image.default\">\n\t\t\t\t<div class=\"elementor-widget-container\">\n\t\t\t\t\t\t\t\t\t\t\t\t\t\t\t<img loading=\"lazy\" decoding=\"async\" width=\"1024\" height=\"683\" src=\"https:\/\/sodermalmssnickeri.se\/wp-content\/uploads\/2025\/05\/141001_snickeri115-1024x683.jpg\" class=\"attachment-large size-large wp-image-30\" alt=\"\" srcset=\"https:\/\/sodermalmssnickeri.se\/wp-content\/uploads\/2025\/05\/141001_snickeri115-1024x683.jpg 1024w, https:\/\/sodermalmssnickeri.se\/wp-content\/uploads\/2025\/05\/141001_snickeri115-300x200.jpg 300w, https:\/\/sodermalmssnickeri.se\/wp-content\/uploads\/2025\/05\/141001_snickeri115-768x512.jpg 768w, https:\/\/sodermalmssnickeri.se\/wp-content\/uploads\/2025\/05\/141001_snickeri115-1536x1024.jpg 1536w, https:\/\/sodermalmssnickeri.se\/wp-content\/uploads\/2025\/05\/141001_snickeri115.jpg 1650w\" sizes=\"(max-width: 1024px) 100vw, 1024px\" \/>\t\t\t\t\t\t\t\t\t\t\t\t\t\t\t<\/div>\n\t\t\t\t<\/div>\n\t\t\t\t<div class=\"elementor-element elementor-element-2663a1d elementor-widget elementor-widget-image\" data-id=\"2663a1d\" data-element_type=\"widget\" data-widget_type=\"image.default\">\n\t\t\t\t<div class=\"elementor-widget-container\">\n\t\t\t\t\t\t\t\t\t\t\t\t\t\t\t<img loading=\"lazy\" decoding=\"async\" width=\"1024\" height=\"683\" src=\"https:\/\/sodermalmssnickeri.se\/wp-content\/uploads\/2025\/05\/141001_045-1024x683.jpg\" class=\"attachment-large size-large wp-image-21\" alt=\"\" srcset=\"https:\/\/sodermalmssnickeri.se\/wp-content\/uploads\/2025\/05\/141001_045-1024x683.jpg 1024w, https:\/\/sodermalmssnickeri.se\/wp-content\/uploads\/2025\/05\/141001_045-300x200.jpg 300w, https:\/\/sodermalmssnickeri.se\/wp-content\/uploads\/2025\/05\/141001_045-768x512.jpg 768w, https:\/\/sodermalmssnickeri.se\/wp-content\/uploads\/2025\/05\/141001_045-1536x1024.jpg 1536w, https:\/\/sodermalmssnickeri.se\/wp-content\/uploads\/2025\/05\/141001_045.jpg 1647w\" sizes=\"(max-width: 1024px) 100vw, 1024px\" \/>\t\t\t\t\t\t\t\t\t\t\t\t\t\t\t<\/div>\n\t\t\t\t<\/div>\n\t\t\t\t\t<\/div>\n\t\t\t\t<\/div>\n\t\t\t\t<\/div>\n\t\t","protected":false},"excerpt":{"rendered":"<p>F\u00f6retag \u00a0 \u00a0S\u00f6dermalms Snickeri \u00e4r ett av Stockholms anrika snickerif\u00f6retag, och drevs fram till 2022\u00a0p\u00e5 kocksgatan i stockholms innerstad. Nu [&hellip;]<\/p>\n","protected":false},"author":1,"featured_media":0,"parent":0,"menu_order":0,"comment_status":"closed","ping_status":"closed","template":"elementor_header_footer","meta":{"site-sidebar-layout":"default","site-content-layout":"","ast-site-content-layout":"","site-content-style":"default","site-sidebar-style":"default","ast-global-header-display":"","ast-banner-title-visibility":"","ast-main-header-display":"","ast-hfb-above-header-display":"","ast-hfb-below-header-display":"","ast-hfb-mobile-header-display":"","site-post-title":"","ast-breadcrumbs-content":"","ast-featured-img":"","footer-sml-layout":"","theme-transparent-header-meta":"","adv-header-id-meta":"","stick-header-meta":"","header-above-stick-meta":"","header-main-stick-meta":"","header-below-stick-meta":"","astra-migrate-meta-layouts":"default","ast-page-background-enabled":"default","ast-page-background-meta":{"desktop":{"background-color":"var(--ast-global-color-5)","background-image":"","background-repeat":"repeat","background-position":"center center","background-size":"auto","background-attachment":"scroll","background-type":"","background-media":"","overlay-type":"","overlay-color":"","overlay-opacity":"","overlay-gradient":""},"tablet":{"background-color":"","background-image":"","background-repeat":"repeat","background-position":"center center","background-size":"auto","background-attachment":"scroll","background-type":"","background-media":"","overlay-type":"","overlay-color":"","overlay-opacity":"","overlay-gradient":""},"mobile":{"background-color":"","background-image":"","background-repeat":"repeat","background-position":"center center","background-size":"auto","background-attachment":"scroll","background-type":"","background-media":"","overlay-type":"","overlay-color":"","overlay-opacity":"","overlay-gradient":""}},"ast-content-background-meta":{"desktop":{"background-color":"var(--ast-global-color-4)","background-image":"","background-repeat":"repeat","background-position":"center center","background-size":"auto","background-attachment":"scroll","background-type":"","background-media":"","overlay-type":"","overlay-color":"","overlay-opacity":"","overlay-gradient":""},"tablet":{"background-color":"var(--ast-global-color-4)","background-image":"","background-repeat":"repeat","background-position":"center center","background-size":"auto","background-attachment":"scroll","background-type":"","background-media":"","overlay-type":"","overlay-color":"","overlay-opacity":"","overlay-gradient":""},"mobile":{"background-color":"var(--ast-global-color-4)","background-image":"","background-repeat":"repeat","background-position":"center center","background-size":"auto","background-attachment":"scroll","background-type":"","background-media":"","overlay-type":"","overlay-color":"","overlay-opacity":"","overlay-gradient":""}},"footnotes":""},"class_list":["post-179","page","type-page","status-publish","hentry"],"_links":{"self":[{"href":"https:\/\/sodermalmssnickeri.se\/index.php?rest_route=\/wp\/v2\/pages\/179","targetHints":{"allow":["GET"]}}],"collection":[{"href":"https:\/\/sodermalmssnickeri.se\/index.php?rest_route=\/wp\/v2\/pages"}],"about":[{"href":"https:\/\/sodermalmssnickeri.se\/index.php?rest_route=\/wp\/v2\/types\/page"}],"author":[{"embeddable":true,"href":"https:\/\/sodermalmssnickeri.se\/index.php?rest_route=\/wp\/v2\/users\/1"}],"replies":[{"embeddable":true,"href":"https:\/\/sodermalmssnickeri.se\/index.php?rest_route=%2Fwp%2Fv2%2Fcomments&post=179"}],"version-history":[{"count":113,"href":"https:\/\/sodermalmssnickeri.se\/index.php?rest_route=\/wp\/v2\/pages\/179\/revisions"}],"predecessor-version":[{"id":1860,"href":"https:\/\/sodermalmssnickeri.se\/index.php?rest_route=\/wp\/v2\/pages\/179\/revisions\/1860"}],"wp:attachment":[{"href":"https:\/\/sodermalmssnickeri.se\/index.php?rest_route=%2Fwp%2Fv2%2Fmedia&parent=179"}],"curies":[{"name":"wp","href":"https:\/\/api.w.org\/{rel}","templated":true}]}}