{"id":195,"date":"2025-05-25T20:44:14","date_gmt":"2025-05-25T18:44:14","guid":{"rendered":"https:\/\/www.sodermalmssnickeri.se\/?page_id=195"},"modified":"2025-06-30T07:48:06","modified_gmt":"2025-06-30T05:48:06","slug":"inredning","status":"publish","type":"page","link":"https:\/\/sodermalmssnickeri.se\/?page_id=195","title":{"rendered":"Inredning"},"content":{"rendered":"\t\t<div data-elementor-type=\"wp-page\" data-elementor-id=\"195\" class=\"elementor elementor-195\">\n\t\t\t\t<div class=\"elementor-element elementor-element-2f69a140 e-grid e-con-boxed e-con e-parent\" data-id=\"2f69a140\" data-element_type=\"container\" data-settings=\"{&quot;background_background&quot;:&quot;slideshow&quot;,&quot;background_slideshow_gallery&quot;:[],&quot;background_slideshow_slide_duration&quot;:5000,&quot;background_slideshow_slide_transition&quot;:&quot;fade&quot;,&quot;background_slideshow_transition_duration&quot;:500}\">\n\t\t\t\t\t<div class=\"e-con-inner\">\n\t\t<div class=\"elementor-element elementor-element-29e9ed6 e-con-full e-flex e-con e-child\" data-id=\"29e9ed6\" data-element_type=\"container\" data-settings=\"{&quot;background_background&quot;:&quot;slideshow&quot;,&quot;background_slideshow_gallery&quot;:[{&quot;id&quot;:30,&quot;url&quot;:&quot;https:\\\/\\\/test.sodermalmssnickeri.se\\\/wp-content\\\/uploads\\\/2025\\\/05\\\/141001_snickeri115.jpg&quot;}],&quot;background_slideshow_slide_duration&quot;:5000,&quot;background_slideshow_slide_transition&quot;:&quot;fade&quot;,&quot;background_slideshow_transition_duration&quot;:500}\">\n\t\t\t\t<\/div>\n\t\t\t\t\t<\/div>\n\t\t\t\t<\/div>\n\t\t<div class=\"elementor-element elementor-element-4118bbed e-flex e-con-boxed e-con e-parent\" data-id=\"4118bbed\" data-element_type=\"container\">\n\t\t\t\t\t<div class=\"e-con-inner\">\n\t\t\t\t<div class=\"elementor-element elementor-element-65d2ce7e elementor-widget elementor-widget-heading\" data-id=\"65d2ce7e\" data-element_type=\"widget\" data-widget_type=\"heading.default\">\n\t\t\t\t<div class=\"elementor-widget-container\">\n\t\t\t\t\t<h1 class=\"elementor-heading-title elementor-size-default\">Inredning<\/h1>\t\t\t\t<\/div>\n\t\t\t\t<\/div>\n\t\t\t\t<div class=\"elementor-element elementor-element-10caadda elementor-widget elementor-widget-text-editor\" data-id=\"10caadda\" data-element_type=\"widget\" data-widget_type=\"text-editor.default\">\n\t\t\t\t<div class=\"elementor-widget-container\">\n\t\t\t\t\t\t\t\t\t<p><span style=\"font-style: inherit;\">H\u00e4r nedan ser ni urval av inredning som vi<br \/>tillverkat och levererat till privata hem och v\u00e5ningar.<\/span><\/p>\t\t\t\t\t\t\t\t<\/div>\n\t\t\t\t<\/div>\n\t\t\t\t\t<\/div>\n\t\t\t\t<\/div>\n\t\t<div class=\"elementor-element elementor-element-1b396d36 e-grid e-con-boxed e-con e-parent\" data-id=\"1b396d36\" data-element_type=\"container\">\n\t\t\t\t\t<div class=\"e-con-inner\">\n\t\t<div class=\"elementor-element elementor-element-51d5ca0 e-con-full e-flex e-con e-child\" data-id=\"51d5ca0\" data-element_type=\"container\">\n\t\t\t\t<div class=\"elementor-element elementor-element-27460bdf elementor-widget elementor-widget-image\" data-id=\"27460bdf\" data-element_type=\"widget\" data-widget_type=\"image.default\">\n\t\t\t\t<div class=\"elementor-widget-container\">\n\t\t\t\t\t\t\t\t\t\t\t\t\t\t\t\t<a href=\"https:\/\/sodermalmssnickeri.se\/?page_id=328\">\n\t\t\t\t\t\t\t<img fetchpriority=\"high\" decoding=\"async\" width=\"1024\" height=\"1024\" src=\"https:\/\/sodermalmssnickeri.se\/wp-content\/uploads\/2025\/06\/garderob-hall-square-1024x1024.png\" class=\"attachment-large size-large wp-image-593\" alt=\"garderob-hall-square\" srcset=\"https:\/\/sodermalmssnickeri.se\/wp-content\/uploads\/2025\/06\/garderob-hall-square-1024x1024.png 1024w, https:\/\/sodermalmssnickeri.se\/wp-content\/uploads\/2025\/06\/garderob-hall-square-300x300.png 300w, https:\/\/sodermalmssnickeri.se\/wp-content\/uploads\/2025\/06\/garderob-hall-square-150x150.png 150w, https:\/\/sodermalmssnickeri.se\/wp-content\/uploads\/2025\/06\/garderob-hall-square-768x768.png 768w, https:\/\/sodermalmssnickeri.se\/wp-content\/uploads\/2025\/06\/garderob-hall-square.png 1080w\" sizes=\"(max-width: 1024px) 100vw, 1024px\" \/>\t\t\t\t\t\t\t\t<\/a>\n\t\t\t\t\t\t\t\t\t\t\t\t\t\t\t<\/div>\n\t\t\t\t<\/div>\n\t\t\t\t<div class=\"elementor-element elementor-element-3530b6a6 elementor-widget elementor-widget-heading\" data-id=\"3530b6a6\" data-element_type=\"widget\" data-widget_type=\"heading.default\">\n\t\t\t\t<div class=\"elementor-widget-container\">\n\t\t\t\t\t<h4 class=\"elementor-heading-title elementor-size-default\"><a href=\"https:\/\/sodermalmssnickeri.se\/?page_id=328\">Garderober-F\u00f6rvaring<\/a><\/h4>\t\t\t\t<\/div>\n\t\t\t\t<\/div>\n\t\t\t\t<div class=\"elementor-element elementor-element-78553b28 elementor-widget__width-inherit elementor-widget elementor-widget-text-editor\" data-id=\"78553b28\" data-element_type=\"widget\" data-widget_type=\"text-editor.default\">\n\t\t\t\t<div class=\"elementor-widget-container\">\n\t\t\t\t\t\t\t\t\t<p>Kl\u00e4df\u00f6rvaring, Hatthylla, L\u00e5dor mm<\/p>\t\t\t\t\t\t\t\t<\/div>\n\t\t\t\t<\/div>\n\t\t\t\t<\/div>\n\t\t<div class=\"elementor-element elementor-element-87bfa8f e-con-full e-flex e-con e-child\" data-id=\"87bfa8f\" data-element_type=\"container\">\n\t\t\t\t<div class=\"elementor-element elementor-element-22fd9494 elementor-widget elementor-widget-image\" data-id=\"22fd9494\" data-element_type=\"widget\" data-widget_type=\"image.default\">\n\t\t\t\t<div class=\"elementor-widget-container\">\n\t\t\t\t\t\t\t\t\t\t\t\t\t\t\t\t<a href=\"https:\/\/sodermalmssnickeri.se\/?page_id=383\">\n\t\t\t\t\t\t\t<img decoding=\"async\" width=\"1024\" height=\"1024\" src=\"https:\/\/sodermalmssnickeri.se\/wp-content\/uploads\/2025\/06\/bokhylla-folkungagatan-square-1024x1024.png\" class=\"attachment-large size-large wp-image-584\" alt=\"bokhylla-folkungagatan-square\" srcset=\"https:\/\/sodermalmssnickeri.se\/wp-content\/uploads\/2025\/06\/bokhylla-folkungagatan-square-1024x1024.png 1024w, https:\/\/sodermalmssnickeri.se\/wp-content\/uploads\/2025\/06\/bokhylla-folkungagatan-square-300x300.png 300w, https:\/\/sodermalmssnickeri.se\/wp-content\/uploads\/2025\/06\/bokhylla-folkungagatan-square-150x150.png 150w, https:\/\/sodermalmssnickeri.se\/wp-content\/uploads\/2025\/06\/bokhylla-folkungagatan-square-768x768.png 768w, https:\/\/sodermalmssnickeri.se\/wp-content\/uploads\/2025\/06\/bokhylla-folkungagatan-square.png 1080w\" sizes=\"(max-width: 1024px) 100vw, 1024px\" \/>\t\t\t\t\t\t\t\t<\/a>\n\t\t\t\t\t\t\t\t\t\t\t\t\t\t\t<\/div>\n\t\t\t\t<\/div>\n\t\t\t\t<div class=\"elementor-element elementor-element-ef68968 elementor-widget elementor-widget-heading\" data-id=\"ef68968\" data-element_type=\"widget\" data-widget_type=\"heading.default\">\n\t\t\t\t<div class=\"elementor-widget-container\">\n\t\t\t\t\t<h4 class=\"elementor-heading-title elementor-size-default\"><a href=\"https:\/\/sodermalmssnickeri.se\/?page_id=383\">Platsbyggda Bokhyllor<\/a><\/h4>\t\t\t\t<\/div>\n\t\t\t\t<\/div>\n\t\t\t\t<div class=\"elementor-element elementor-element-4c42452a elementor-widget__width-inherit elementor-widget elementor-widget-text-editor\" data-id=\"4c42452a\" data-element_type=\"widget\" data-widget_type=\"text-editor.default\">\n\t\t\t\t<div class=\"elementor-widget-container\">\n\t\t\t\t\t\t\t\t\t<p>I olika utf\u00f6rande<\/p>\t\t\t\t\t\t\t\t<\/div>\n\t\t\t\t<\/div>\n\t\t\t\t<\/div>\n\t\t<div class=\"elementor-element elementor-element-bc39e55 e-con-full e-flex e-con e-child\" data-id=\"bc39e55\" data-element_type=\"container\">\n\t\t\t\t<div class=\"elementor-element elementor-element-7a7ad20a elementor-widget elementor-widget-image\" data-id=\"7a7ad20a\" data-element_type=\"widget\" data-widget_type=\"image.default\">\n\t\t\t\t<div class=\"elementor-widget-container\">\n\t\t\t\t\t\t\t\t\t\t\t\t\t\t\t\t<a href=\"https:\/\/sodermalmssnickeri.se\/?page_id=316\">\n\t\t\t\t\t\t\t<img decoding=\"async\" width=\"1024\" height=\"1024\" src=\"https:\/\/sodermalmssnickeri.se\/wp-content\/uploads\/2025\/05\/6-1024x1024.png\" class=\"attachment-large size-large wp-image-94\" alt=\"\" srcset=\"https:\/\/sodermalmssnickeri.se\/wp-content\/uploads\/2025\/05\/6-1024x1024.png 1024w, https:\/\/sodermalmssnickeri.se\/wp-content\/uploads\/2025\/05\/6-300x300.png 300w, https:\/\/sodermalmssnickeri.se\/wp-content\/uploads\/2025\/05\/6-150x150.png 150w, https:\/\/sodermalmssnickeri.se\/wp-content\/uploads\/2025\/05\/6-768x768.png 768w, https:\/\/sodermalmssnickeri.se\/wp-content\/uploads\/2025\/05\/6.png 1080w\" sizes=\"(max-width: 1024px) 100vw, 1024px\" \/>\t\t\t\t\t\t\t\t<\/a>\n\t\t\t\t\t\t\t\t\t\t\t\t\t\t\t<\/div>\n\t\t\t\t<\/div>\n\t\t\t\t<div class=\"elementor-element elementor-element-5f4e9070 elementor-widget elementor-widget-heading\" data-id=\"5f4e9070\" data-element_type=\"widget\" data-widget_type=\"heading.default\">\n\t\t\t\t<div class=\"elementor-widget-container\">\n\t\t\t\t\t<h4 class=\"elementor-heading-title elementor-size-default\"><a href=\"https:\/\/sodermalmssnickeri.se\/?page_id=316\">Elementskydd<\/a><\/h4>\t\t\t\t<\/div>\n\t\t\t\t<\/div>\n\t\t\t\t<div class=\"elementor-element elementor-element-28d097d8 elementor-widget__width-inherit elementor-widget elementor-widget-text-editor\" data-id=\"28d097d8\" data-element_type=\"widget\" data-widget_type=\"text-editor.default\">\n\t\t\t\t<div class=\"elementor-widget-container\">\n\t\t\t\t\t\t\t\t\t<p>&#8221;Kulan&#8221;<\/p>\t\t\t\t\t\t\t\t<\/div>\n\t\t\t\t<\/div>\n\t\t\t\t<\/div>\n\t\t\t\t\t<\/div>\n\t\t\t\t<\/div>\n\t\t<div class=\"elementor-element elementor-element-a7ef952 e-grid e-con-boxed e-con e-parent\" data-id=\"a7ef952\" data-element_type=\"container\">\n\t\t\t\t\t<div class=\"e-con-inner\">\n\t\t<div class=\"elementor-element elementor-element-f19943e e-flex e-con-boxed e-con e-child\" data-id=\"f19943e\" data-element_type=\"container\">\n\t\t\t\t\t<div class=\"e-con-inner\">\n\t\t\t\t<div class=\"elementor-element elementor-element-b3a9fbc elementor-widget elementor-widget-image\" data-id=\"b3a9fbc\" data-element_type=\"widget\" data-widget_type=\"image.default\">\n\t\t\t\t<div class=\"elementor-widget-container\">\n\t\t\t\t\t\t\t\t\t\t\t\t\t\t\t\t<a href=\"https:\/\/sodermalmssnickeri.se\/?page_id=764\">\n\t\t\t\t\t\t\t<img loading=\"lazy\" decoding=\"async\" width=\"683\" height=\"1024\" src=\"https:\/\/sodermalmssnickeri.se\/wp-content\/uploads\/2025\/06\/kok-stommar-1-683x1024.jpg\" class=\"attachment-large size-large wp-image-1708\" alt=\"K\u00f6ksstommar\" srcset=\"https:\/\/sodermalmssnickeri.se\/wp-content\/uploads\/2025\/06\/kok-stommar-1-683x1024.jpg 683w, https:\/\/sodermalmssnickeri.se\/wp-content\/uploads\/2025\/06\/kok-stommar-1-200x300.jpg 200w, https:\/\/sodermalmssnickeri.se\/wp-content\/uploads\/2025\/06\/kok-stommar-1-768x1152.jpg 768w, https:\/\/sodermalmssnickeri.se\/wp-content\/uploads\/2025\/06\/kok-stommar-1-1024x1536.jpg 1024w, https:\/\/sodermalmssnickeri.se\/wp-content\/uploads\/2025\/06\/kok-stommar-1-1365x2048.jpg 1365w, https:\/\/sodermalmssnickeri.se\/wp-content\/uploads\/2025\/06\/kok-stommar-1-scaled.jpg 1706w\" sizes=\"(max-width: 683px) 100vw, 683px\" \/>\t\t\t\t\t\t\t\t<\/a>\n\t\t\t\t\t\t\t\t\t\t\t\t\t\t\t<\/div>\n\t\t\t\t<\/div>\n\t\t\t\t<div class=\"elementor-element elementor-element-740c1f94 elementor-widget elementor-widget-heading\" data-id=\"740c1f94\" data-element_type=\"widget\" data-widget_type=\"heading.default\">\n\t\t\t\t<div class=\"elementor-widget-container\">\n\t\t\t\t\t<h4 class=\"elementor-heading-title elementor-size-default\"><a href=\"https:\/\/sodermalmssnickeri.se\/?page_id=764\">K\u00f6kssnickerier<\/a><\/h4>\t\t\t\t<\/div>\n\t\t\t\t<\/div>\n\t\t\t\t<div class=\"elementor-element elementor-element-a045c71 elementor-widget__width-inherit elementor-widget elementor-widget-text-editor\" data-id=\"a045c71\" data-element_type=\"widget\" data-widget_type=\"text-editor.default\">\n\t\t\t\t<div class=\"elementor-widget-container\">\n\t\t\t\t\t\t\t\t\t<p>Stommar, Sk\u00e5p, L\u00e5dor, mm<\/p>\t\t\t\t\t\t\t\t<\/div>\n\t\t\t\t<\/div>\n\t\t\t\t\t<\/div>\n\t\t\t\t<\/div>\n\t\t<div class=\"elementor-element elementor-element-3a972e0d e-flex e-con-boxed e-con e-child\" data-id=\"3a972e0d\" data-element_type=\"container\">\n\t\t\t\t\t<div class=\"e-con-inner\">\n\t\t\t\t<div class=\"elementor-element elementor-element-17a30ef0 elementor-widget elementor-widget-image\" data-id=\"17a30ef0\" data-element_type=\"widget\" data-widget_type=\"image.default\">\n\t\t\t\t<div class=\"elementor-widget-container\">\n\t\t\t\t\t\t\t\t\t\t\t\t\t\t\t\t<a href=\"https:\/\/sodermalmssnickeri.se\/?page_id=734\">\n\t\t\t\t\t\t\t<img loading=\"lazy\" decoding=\"async\" width=\"683\" height=\"1024\" src=\"https:\/\/sodermalmssnickeri.se\/wp-content\/uploads\/2025\/06\/dorr-spegel-panel-683x1024.jpg\" class=\"attachment-large size-large wp-image-1707\" alt=\"\" srcset=\"https:\/\/sodermalmssnickeri.se\/wp-content\/uploads\/2025\/06\/dorr-spegel-panel-683x1024.jpg 683w, https:\/\/sodermalmssnickeri.se\/wp-content\/uploads\/2025\/06\/dorr-spegel-panel-200x300.jpg 200w, https:\/\/sodermalmssnickeri.se\/wp-content\/uploads\/2025\/06\/dorr-spegel-panel-768x1152.jpg 768w, https:\/\/sodermalmssnickeri.se\/wp-content\/uploads\/2025\/06\/dorr-spegel-panel-1024x1536.jpg 1024w, https:\/\/sodermalmssnickeri.se\/wp-content\/uploads\/2025\/06\/dorr-spegel-panel-1365x2048.jpg 1365w, https:\/\/sodermalmssnickeri.se\/wp-content\/uploads\/2025\/06\/dorr-spegel-panel-scaled.jpg 1707w\" sizes=\"(max-width: 683px) 100vw, 683px\" \/>\t\t\t\t\t\t\t\t<\/a>\n\t\t\t\t\t\t\t\t\t\t\t\t\t\t\t<\/div>\n\t\t\t\t<\/div>\n\t\t\t\t<div class=\"elementor-element elementor-element-27a23b6 elementor-widget elementor-widget-heading\" data-id=\"27a23b6\" data-element_type=\"widget\" data-widget_type=\"heading.default\">\n\t\t\t\t<div class=\"elementor-widget-container\">\n\t\t\t\t\t<h4 class=\"elementor-heading-title elementor-size-default\"><a href=\"https:\/\/sodermalmssnickeri.se\/?page_id=734\">Innerd\u00f6rrar<\/a><\/h4>\t\t\t\t<\/div>\n\t\t\t\t<\/div>\n\t\t\t\t<div class=\"elementor-element elementor-element-890982b elementor-widget__width-inherit elementor-widget elementor-widget-text-editor\" data-id=\"890982b\" data-element_type=\"widget\" data-widget_type=\"text-editor.default\">\n\t\t\t\t<div class=\"elementor-widget-container\">\n\t\t\t\t\t\t\t\t\t<p>Spegeld\u00f6rrar, Pard\u00f6rrar, mm<\/p>\t\t\t\t\t\t\t\t<\/div>\n\t\t\t\t<\/div>\n\t\t\t\t\t<\/div>\n\t\t\t\t<\/div>\n\t\t\t\t\t<\/div>\n\t\t\t\t<\/div>\n\t\t\t\t<\/div>\n\t\t","protected":false},"excerpt":{"rendered":"<p>Inredning H\u00e4r nedan ser ni urval av inredning som vitillverkat och levererat till privata hem och v\u00e5ningar. Garderober-F\u00f6rvaring Kl\u00e4df\u00f6rvaring, Hatthylla, [&hellip;]<\/p>\n","protected":false},"author":1,"featured_media":0,"parent":0,"menu_order":0,"comment_status":"closed","ping_status":"closed","template":"elementor_header_footer","meta":{"site-sidebar-layout":"default","site-content-layout":"","ast-site-content-layout":"","site-content-style":"default","site-sidebar-style":"default","ast-global-header-display":"","ast-banner-title-visibility":"","ast-main-header-display":"","ast-hfb-above-header-display":"","ast-hfb-below-header-display":"","ast-hfb-mobile-header-display":"","site-post-title":"","ast-breadcrumbs-content":"","ast-featured-img":"","footer-sml-layout":"","theme-transparent-header-meta":"","adv-header-id-meta":"","stick-header-meta":"","header-above-stick-meta":"","header-main-stick-meta":"","header-below-stick-meta":"","astra-migrate-meta-layouts":"default","ast-page-background-enabled":"default","ast-page-background-meta":{"desktop":{"background-color":"var(--ast-global-color-5)","background-image":"","background-repeat":"repeat","background-position":"center center","background-size":"auto","background-attachment":"scroll","background-type":"","background-media":"","overlay-type":"","overlay-color":"","overlay-opacity":"","overlay-gradient":""},"tablet":{"background-color":"","background-image":"","background-repeat":"repeat","background-position":"center center","background-size":"auto","background-attachment":"scroll","background-type":"","background-media":"","overlay-type":"","overlay-color":"","overlay-opacity":"","overlay-gradient":""},"mobile":{"background-color":"","background-image":"","background-repeat":"repeat","background-position":"center center","background-size":"auto","background-attachment":"scroll","background-type":"","background-media":"","overlay-type":"","overlay-color":"","overlay-opacity":"","overlay-gradient":""}},"ast-content-background-meta":{"desktop":{"background-color":"var(--ast-global-color-4)","background-image":"","background-repeat":"repeat","background-position":"center center","background-size":"auto","background-attachment":"scroll","background-type":"","background-media":"","overlay-type":"","overlay-color":"","overlay-opacity":"","overlay-gradient":""},"tablet":{"background-color":"var(--ast-global-color-4)","background-image":"","background-repeat":"repeat","background-position":"center center","background-size":"auto","background-attachment":"scroll","background-type":"","background-media":"","overlay-type":"","overlay-color":"","overlay-opacity":"","overlay-gradient":""},"mobile":{"background-color":"var(--ast-global-color-4)","background-image":"","background-repeat":"repeat","background-position":"center center","background-size":"auto","background-attachment":"scroll","background-type":"","background-media":"","overlay-type":"","overlay-color":"","overlay-opacity":"","overlay-gradient":""}},"footnotes":""},"class_list":["post-195","page","type-page","status-publish","hentry"],"_links":{"self":[{"href":"https:\/\/sodermalmssnickeri.se\/index.php?rest_route=\/wp\/v2\/pages\/195","targetHints":{"allow":["GET"]}}],"collection":[{"href":"https:\/\/sodermalmssnickeri.se\/index.php?rest_route=\/wp\/v2\/pages"}],"about":[{"href":"https:\/\/sodermalmssnickeri.se\/index.php?rest_route=\/wp\/v2\/types\/page"}],"author":[{"embeddable":true,"href":"https:\/\/sodermalmssnickeri.se\/index.php?rest_route=\/wp\/v2\/users\/1"}],"replies":[{"embeddable":true,"href":"https:\/\/sodermalmssnickeri.se\/index.php?rest_route=%2Fwp%2Fv2%2Fcomments&post=195"}],"version-history":[{"count":139,"href":"https:\/\/sodermalmssnickeri.se\/index.php?rest_route=\/wp\/v2\/pages\/195\/revisions"}],"predecessor-version":[{"id":1813,"href":"https:\/\/sodermalmssnickeri.se\/index.php?rest_route=\/wp\/v2\/pages\/195\/revisions\/1813"}],"wp:attachment":[{"href":"https:\/\/sodermalmssnickeri.se\/index.php?rest_route=%2Fwp%2Fv2%2Fmedia&parent=195"}],"curies":[{"name":"wp","href":"https:\/\/api.w.org\/{rel}","templated":true}]}}