{"id":205,"date":"2025-05-26T07:40:16","date_gmt":"2025-05-26T05:40:16","guid":{"rendered":"https:\/\/www.sodermalmssnickeri.se\/?page_id=205"},"modified":"2025-06-15T17:30:06","modified_gmt":"2025-06-15T15:30:06","slug":"kontakt","status":"publish","type":"page","link":"https:\/\/sodermalmssnickeri.se\/?page_id=205","title":{"rendered":"Kontakt"},"content":{"rendered":"\t\t<div data-elementor-type=\"wp-page\" data-elementor-id=\"205\" class=\"elementor elementor-205\">\n\t\t\t\t<div class=\"elementor-element elementor-element-31a09b48 e-flex e-con-boxed e-con e-parent\" data-id=\"31a09b48\" data-element_type=\"container\" data-settings=\"{&quot;background_background&quot;:&quot;slideshow&quot;,&quot;background_slideshow_gallery&quot;:[],&quot;background_slideshow_slide_duration&quot;:5000,&quot;background_slideshow_slide_transition&quot;:&quot;fade&quot;,&quot;background_slideshow_transition_duration&quot;:500}\">\n\t\t\t\t\t<div class=\"e-con-inner\">\n\t\t<div class=\"elementor-element elementor-element-5d23c01 e-con-full e-flex e-con e-child\" data-id=\"5d23c01\" data-element_type=\"container\" data-settings=\"{&quot;background_background&quot;:&quot;slideshow&quot;,&quot;background_slideshow_gallery&quot;:[{&quot;id&quot;:30,&quot;url&quot;:&quot;https:\\\/\\\/test.sodermalmssnickeri.se\\\/wp-content\\\/uploads\\\/2025\\\/05\\\/141001_snickeri115.jpg&quot;}],&quot;background_slideshow_slide_duration&quot;:5000,&quot;background_slideshow_slide_transition&quot;:&quot;fade&quot;,&quot;background_slideshow_transition_duration&quot;:500}\">\n\t\t\t\t<\/div>\n\t\t\t\t\t<\/div>\n\t\t\t\t<\/div>\n\t\t<div class=\"elementor-element elementor-element-482d3dc e-flex e-con-boxed e-con e-parent\" data-id=\"482d3dc\" data-element_type=\"container\">\n\t\t\t\t\t<div class=\"e-con-inner\">\n\t\t\t\t<div class=\"elementor-element elementor-element-87fe926 elementor-widget elementor-widget-heading\" data-id=\"87fe926\" data-element_type=\"widget\" data-widget_type=\"heading.default\">\n\t\t\t\t<div class=\"elementor-widget-container\">\n\t\t\t\t\t<h1 class=\"elementor-heading-title elementor-size-default\">Kontakt<\/h1>\t\t\t\t<\/div>\n\t\t\t\t<\/div>\n\t\t\t\t\t<\/div>\n\t\t\t\t<\/div>\n\t\t<div class=\"elementor-element elementor-element-667f98fa e-grid e-con-boxed e-con e-parent\" data-id=\"667f98fa\" data-element_type=\"container\">\n\t\t\t\t\t<div class=\"e-con-inner\">\n\t\t\t\t<div class=\"elementor-element elementor-element-7916016 elementor-widget-mobile__width-inherit elementor-widget elementor-widget-text-editor\" data-id=\"7916016\" data-element_type=\"widget\" data-widget_type=\"text-editor.default\">\n\t\t\t\t<div class=\"elementor-widget-container\">\n\t\t\t\t\t\t\t\t\t<h3>\u00a0<br \/>S\u00f6dermalms Snickeri<\/h3><h3>\u00a0<\/h3><h6>Betongv\u00e4gen 2A, Lokal 43<br \/>142 50 Skog\u00e5s<\/h6><h6>\u00a0<\/h6><h5><span style=\"text-decoration: underline;\"><a href=\"mailto:info@sodermalmssnickeri.se\" target=\"_blank\" rel=\"noopener\">info@sodermalmssnickeri.se<\/a><\/span><\/h5><h6>\u00a0<\/h6><h6>Kontaktperson: Erik Danielsson<\/h6><h6>\u00a0<\/h6><div>\u00a0<\/div><div>\u00a0<\/div>\t\t\t\t\t\t\t\t<\/div>\n\t\t\t\t<\/div>\n\t\t\t\t<div class=\"elementor-element elementor-element-6eba4189 elementor-widget elementor-widget-image\" data-id=\"6eba4189\" data-element_type=\"widget\" data-widget_type=\"image.default\">\n\t\t\t\t<div class=\"elementor-widget-container\">\n\t\t\t\t\t\t\t\t\t\t\t\t\t\t\t<img fetchpriority=\"high\" decoding=\"async\" width=\"1024\" height=\"682\" src=\"https:\/\/sodermalmssnickeri.se\/wp-content\/uploads\/2025\/05\/141001_snickeri131-1024x682.jpg\" class=\"attachment-large size-large wp-image-37\" alt=\"\" srcset=\"https:\/\/sodermalmssnickeri.se\/wp-content\/uploads\/2025\/05\/141001_snickeri131-1024x682.jpg 1024w, https:\/\/sodermalmssnickeri.se\/wp-content\/uploads\/2025\/05\/141001_snickeri131-300x200.jpg 300w, https:\/\/sodermalmssnickeri.se\/wp-content\/uploads\/2025\/05\/141001_snickeri131-768x512.jpg 768w, https:\/\/sodermalmssnickeri.se\/wp-content\/uploads\/2025\/05\/141001_snickeri131-1536x1024.jpg 1536w, https:\/\/sodermalmssnickeri.se\/wp-content\/uploads\/2025\/05\/141001_snickeri131.jpg 1685w\" sizes=\"(max-width: 1024px) 100vw, 1024px\" \/>\t\t\t\t\t\t\t\t\t\t\t\t\t\t\t<\/div>\n\t\t\t\t<\/div>\n\t\t\t\t\t<\/div>\n\t\t\t\t<\/div>\n\t\t<div class=\"elementor-element elementor-element-a15d3d2 e-grid e-con-boxed e-con e-parent\" data-id=\"a15d3d2\" data-element_type=\"container\">\n\t\t\t\t\t<div class=\"e-con-inner\">\n\t\t\t\t<div class=\"elementor-element elementor-element-409daaa7 elementor-widget elementor-widget-text-editor\" data-id=\"409daaa7\" data-element_type=\"widget\" data-widget_type=\"text-editor.default\">\n\t\t\t\t<div class=\"elementor-widget-container\">\n\t\t\t\t\t\t\t\t\t<p><strong>F\u00f6rfr\u00e5gningsunderlag<\/strong><\/p><p>Vi beh\u00f6ver underlag f\u00f6r att kunna l\u00e4mna pris och offert<\/p><p>En enkel skiss med n\u00e5gra m\u00e5tt, en ritning eller pdf-fil.<\/p><p>Tillsammans diskuterar vi konstruktion, detaljer och materialval, f\u00f6r att hitta r\u00e4tt niv\u00e5 p\u00e5 kvalitet och pris.\u00a0<\/p><p><strong>Bifoga alltid namn och telefonnummer i mailf\u00f6rfr\u00e5gan<\/strong><\/p><h5>\u00a0<\/h5>\t\t\t\t\t\t\t\t<\/div>\n\t\t\t\t<\/div>\n\t\t\t\t<div class=\"elementor-element elementor-element-a61baa5 elementor-widget elementor-widget-google_maps\" data-id=\"a61baa5\" data-element_type=\"widget\" data-widget_type=\"google_maps.default\">\n\t\t\t\t<div class=\"elementor-widget-container\">\n\t\t\t\t\t\t\t<div class=\"elementor-custom-embed\">\n\t\t\t<iframe loading=\"lazy\"\n\t\t\t\t\tsrc=\"https:\/\/maps.google.com\/maps?q=Betongv%C3%A4gen%202A&#038;t=m&#038;z=10&#038;output=embed&#038;iwloc=near\"\n\t\t\t\t\ttitle=\"Betongv\u00e4gen 2A\"\n\t\t\t\t\taria-label=\"Betongv\u00e4gen 2A\"\n\t\t\t><\/iframe>\n\t\t<\/div>\n\t\t\t\t\t\t<\/div>\n\t\t\t\t<\/div>\n\t\t\t\t\t<\/div>\n\t\t\t\t<\/div>\n\t\t\t\t<\/div>\n\t\t","protected":false},"excerpt":{"rendered":"<p>Kontakt \u00a0S\u00f6dermalms Snickeri \u00a0 Betongv\u00e4gen 2A, Lokal 43142 50 Skog\u00e5s \u00a0 info@sodermalmssnickeri.se \u00a0 Kontaktperson: Erik Danielsson \u00a0 \u00a0\u00a0 F\u00f6rfr\u00e5gningsunderlag Vi [&hellip;]<\/p>\n","protected":false},"author":1,"featured_media":0,"parent":0,"menu_order":0,"comment_status":"closed","ping_status":"closed","template":"elementor_header_footer","meta":{"site-sidebar-layout":"default","site-content-layout":"","ast-site-content-layout":"","site-content-style":"default","site-sidebar-style":"default","ast-global-header-display":"","ast-banner-title-visibility":"","ast-main-header-display":"","ast-hfb-above-header-display":"","ast-hfb-below-header-display":"","ast-hfb-mobile-header-display":"","site-post-title":"","ast-breadcrumbs-content":"","ast-featured-img":"","footer-sml-layout":"","theme-transparent-header-meta":"","adv-header-id-meta":"","stick-header-meta":"","header-above-stick-meta":"","header-main-stick-meta":"","header-below-stick-meta":"","astra-migrate-meta-layouts":"default","ast-page-background-enabled":"default","ast-page-background-meta":{"desktop":{"background-color":"var(--ast-global-color-5)","background-image":"","background-repeat":"repeat","background-position":"center center","background-size":"auto","background-attachment":"scroll","background-type":"","background-media":"","overlay-type":"","overlay-color":"","overlay-opacity":"","overlay-gradient":""},"tablet":{"background-color":"","background-image":"","background-repeat":"repeat","background-position":"center center","background-size":"auto","background-attachment":"scroll","background-type":"","background-media":"","overlay-type":"","overlay-color":"","overlay-opacity":"","overlay-gradient":""},"mobile":{"background-color":"","background-image":"","background-repeat":"repeat","background-position":"center center","background-size":"auto","background-attachment":"scroll","background-type":"","background-media":"","overlay-type":"","overlay-color":"","overlay-opacity":"","overlay-gradient":""}},"ast-content-background-meta":{"desktop":{"background-color":"var(--ast-global-color-4)","background-image":"","background-repeat":"repeat","background-position":"center center","background-size":"auto","background-attachment":"scroll","background-type":"","background-media":"","overlay-type":"","overlay-color":"","overlay-opacity":"","overlay-gradient":""},"tablet":{"background-color":"var(--ast-global-color-4)","background-image":"","background-repeat":"repeat","background-position":"center center","background-size":"auto","background-attachment":"scroll","background-type":"","background-media":"","overlay-type":"","overlay-color":"","overlay-opacity":"","overlay-gradient":""},"mobile":{"background-color":"var(--ast-global-color-4)","background-image":"","background-repeat":"repeat","background-position":"center center","background-size":"auto","background-attachment":"scroll","background-type":"","background-media":"","overlay-type":"","overlay-color":"","overlay-opacity":"","overlay-gradient":""}},"footnotes":""},"class_list":["post-205","page","type-page","status-publish","hentry"],"_links":{"self":[{"href":"https:\/\/sodermalmssnickeri.se\/index.php?rest_route=\/wp\/v2\/pages\/205","targetHints":{"allow":["GET"]}}],"collection":[{"href":"https:\/\/sodermalmssnickeri.se\/index.php?rest_route=\/wp\/v2\/pages"}],"about":[{"href":"https:\/\/sodermalmssnickeri.se\/index.php?rest_route=\/wp\/v2\/types\/page"}],"author":[{"embeddable":true,"href":"https:\/\/sodermalmssnickeri.se\/index.php?rest_route=\/wp\/v2\/users\/1"}],"replies":[{"embeddable":true,"href":"https:\/\/sodermalmssnickeri.se\/index.php?rest_route=%2Fwp%2Fv2%2Fcomments&post=205"}],"version-history":[{"count":115,"href":"https:\/\/sodermalmssnickeri.se\/index.php?rest_route=\/wp\/v2\/pages\/205\/revisions"}],"predecessor-version":[{"id":1659,"href":"https:\/\/sodermalmssnickeri.se\/index.php?rest_route=\/wp\/v2\/pages\/205\/revisions\/1659"}],"wp:attachment":[{"href":"https:\/\/sodermalmssnickeri.se\/index.php?rest_route=%2Fwp%2Fv2%2Fmedia&parent=205"}],"curies":[{"name":"wp","href":"https:\/\/api.w.org\/{rel}","templated":true}]}}