{"id":390,"date":"2025-06-02T17:14:32","date_gmt":"2025-06-02T15:14:32","guid":{"rendered":"https:\/\/www.sodermalmssnickeri.se\/?page_id=390"},"modified":"2025-06-15T16:05:54","modified_gmt":"2025-06-15T14:05:54","slug":"platsbyggd-bokhylla-folkungagatan","status":"publish","type":"page","link":"https:\/\/sodermalmssnickeri.se\/?page_id=390","title":{"rendered":"Platsbyggd bokhylla &#8211; Folkungagatan"},"content":{"rendered":"\t\t<div data-elementor-type=\"wp-page\" data-elementor-id=\"390\" class=\"elementor elementor-390\">\n\t\t\t\t<div class=\"elementor-element elementor-element-72a30576 e-flex e-con-boxed e-con e-parent\" data-id=\"72a30576\" data-element_type=\"container\" data-settings=\"{&quot;background_background&quot;:&quot;slideshow&quot;,&quot;background_slideshow_gallery&quot;:[{&quot;id&quot;:33,&quot;url&quot;:&quot;https:\\\/\\\/test.sodermalmssnickeri.se\\\/wp-content\\\/uploads\\\/2025\\\/05\\\/141001_snickeri119.jpg&quot;}],&quot;background_slideshow_slide_duration&quot;:5000,&quot;background_slideshow_slide_transition&quot;:&quot;fade&quot;,&quot;background_slideshow_transition_duration&quot;:500}\">\n\t\t\t\t\t<div class=\"e-con-inner\">\n\t\t\t\t\t<\/div>\n\t\t\t\t<\/div>\n\t\t<div class=\"elementor-element elementor-element-4fabcc64 e-flex e-con-boxed e-con e-parent\" data-id=\"4fabcc64\" data-element_type=\"container\">\n\t\t\t\t\t<div class=\"e-con-inner\">\n\t\t\t\t<div class=\"elementor-element elementor-element-453f9e70 elementor-hidden-mobile elementor-widget elementor-widget-spacer\" data-id=\"453f9e70\" data-element_type=\"widget\" data-widget_type=\"spacer.default\">\n\t\t\t\t<div class=\"elementor-widget-container\">\n\t\t\t\t\t\t\t<div class=\"elementor-spacer\">\n\t\t\t<div class=\"elementor-spacer-inner\"><\/div>\n\t\t<\/div>\n\t\t\t\t\t\t<\/div>\n\t\t\t\t<\/div>\n\t\t\t\t\t<\/div>\n\t\t\t\t<\/div>\n\t\t<div class=\"elementor-element elementor-element-50a059c e-flex e-con-boxed e-con e-parent\" data-id=\"50a059c\" data-element_type=\"container\">\n\t\t\t\t\t<div class=\"e-con-inner\">\n\t\t<div class=\"elementor-element elementor-element-abeb417 e-con-full e-flex e-con e-child\" data-id=\"abeb417\" data-element_type=\"container\">\n\t\t\t\t<div class=\"elementor-element elementor-element-300feee elementor-widget elementor-widget-text-editor\" data-id=\"300feee\" data-element_type=\"widget\" data-widget_type=\"text-editor.default\">\n\t\t\t\t<div class=\"elementor-widget-container\">\n\t\t\t\t\t\t\t\t\t<h3>Platsbyggd Bokhylla<br \/><span style=\"font-size: 17px; font-style: inherit; color: #334155;\"><b>&#8221;Folkungagatan&#8221;<br \/><\/b><\/span><span style=\"font-size: 17px; font-style: inherit; font-weight: inherit; color: #334155;\">Lamelltr\u00e4, massiva lister.<\/span><\/h3><p>Undersk\u00e5p med profilerade d\u00f6rrar.<\/p><p>Flyttbara hyllplan<\/p><p>Handm\u00e5lad<\/p><p>\u00a0<\/p><h6><span style=\"font-style: inherit; font-weight: inherit;\">Fotograf: Sara Danielsson<\/span><\/h6>\t\t\t\t\t\t\t\t<\/div>\n\t\t\t\t<\/div>\n\t\t\t\t<\/div>\n\t\t<div class=\"elementor-element elementor-element-d6028e5 e-con-full e-flex e-con e-child\" data-id=\"d6028e5\" data-element_type=\"container\">\n\t\t\t\t<div class=\"elementor-element elementor-element-9a94148 gallery-spacing-custom elementor-widget elementor-widget-image-gallery\" data-id=\"9a94148\" data-element_type=\"widget\" data-widget_type=\"image-gallery.default\">\n\t\t\t\t<div class=\"elementor-widget-container\">\n\t\t\t\t\t\t\t<div class=\"elementor-image-gallery\">\n\t\t\t<div id='gallery-1' class='gallery galleryid-390 gallery-columns-2 gallery-size-large'><figure class='gallery-item'>\n\t\t\t<div class='gallery-icon landscape'>\n\t\t\t\t<a data-elementor-open-lightbox=\"yes\" data-elementor-lightbox-slideshow=\"9a94148\" data-e-action-hash=\"#elementor-action%3Aaction%3Dlightbox%26settings%3DeyJpZCI6NTg0LCJ1cmwiOiJodHRwczpcL1wvc29kZXJtYWxtc3NuaWNrZXJpLnNlXC93cC1jb250ZW50XC91cGxvYWRzXC8yMDI1XC8wNlwvYm9raHlsbGEtZm9sa3VuZ2FnYXRhbi1zcXVhcmUucG5nIiwic2xpZGVzaG93IjoiOWE5NDE0OCJ9\" href='https:\/\/sodermalmssnickeri.se\/wp-content\/uploads\/2025\/06\/bokhylla-folkungagatan-square.png'><img fetchpriority=\"high\" decoding=\"async\" width=\"1024\" height=\"1024\" src=\"https:\/\/sodermalmssnickeri.se\/wp-content\/uploads\/2025\/06\/bokhylla-folkungagatan-square-1024x1024.png\" class=\"attachment-large size-large\" alt=\"bokhylla-folkungagatan-square\" aria-describedby=\"gallery-1-584\" srcset=\"https:\/\/sodermalmssnickeri.se\/wp-content\/uploads\/2025\/06\/bokhylla-folkungagatan-square-1024x1024.png 1024w, https:\/\/sodermalmssnickeri.se\/wp-content\/uploads\/2025\/06\/bokhylla-folkungagatan-square-300x300.png 300w, https:\/\/sodermalmssnickeri.se\/wp-content\/uploads\/2025\/06\/bokhylla-folkungagatan-square-150x150.png 150w, https:\/\/sodermalmssnickeri.se\/wp-content\/uploads\/2025\/06\/bokhylla-folkungagatan-square-768x768.png 768w, https:\/\/sodermalmssnickeri.se\/wp-content\/uploads\/2025\/06\/bokhylla-folkungagatan-square.png 1080w\" sizes=\"(max-width: 1024px) 100vw, 1024px\" \/><\/a>\n\t\t\t<\/div>\n\t\t\t\t<figcaption class='wp-caption-text gallery-caption' id='gallery-1-584'>\n\t\t\t\tPlatsbyggd Bokhylla Folkungagatan\n\t\t\t\t<\/figcaption><\/figure><figure class='gallery-item'>\n\t\t\t<div class='gallery-icon landscape'>\n\t\t\t\t<a data-elementor-open-lightbox=\"yes\" data-elementor-lightbox-slideshow=\"9a94148\" data-e-action-hash=\"#elementor-action%3Aaction%3Dlightbox%26settings%3DeyJpZCI6NTgzLCJ1cmwiOiJodHRwczpcL1wvc29kZXJtYWxtc3NuaWNrZXJpLnNlXC93cC1jb250ZW50XC91cGxvYWRzXC8yMDI1XC8wNlwvYm9raHlsbGEtZm9sa3VuZ2FnYXRhbi1kZXRhbGotc3F1YXJlLnBuZyIsInNsaWRlc2hvdyI6IjlhOTQxNDgifQ%3D%3D\" href='https:\/\/sodermalmssnickeri.se\/wp-content\/uploads\/2025\/06\/bokhylla-folkungagatan-detalj-square.png'><img decoding=\"async\" width=\"1024\" height=\"1024\" src=\"https:\/\/sodermalmssnickeri.se\/wp-content\/uploads\/2025\/06\/bokhylla-folkungagatan-detalj-square-1024x1024.png\" class=\"attachment-large size-large\" alt=\"bokhylla-folkungagatan-detalj-square\" aria-describedby=\"gallery-1-583\" srcset=\"https:\/\/sodermalmssnickeri.se\/wp-content\/uploads\/2025\/06\/bokhylla-folkungagatan-detalj-square-1024x1024.png 1024w, https:\/\/sodermalmssnickeri.se\/wp-content\/uploads\/2025\/06\/bokhylla-folkungagatan-detalj-square-300x300.png 300w, https:\/\/sodermalmssnickeri.se\/wp-content\/uploads\/2025\/06\/bokhylla-folkungagatan-detalj-square-150x150.png 150w, https:\/\/sodermalmssnickeri.se\/wp-content\/uploads\/2025\/06\/bokhylla-folkungagatan-detalj-square-768x768.png 768w, https:\/\/sodermalmssnickeri.se\/wp-content\/uploads\/2025\/06\/bokhylla-folkungagatan-detalj-square.png 1080w\" sizes=\"(max-width: 1024px) 100vw, 1024px\" \/><\/a>\n\t\t\t<\/div>\n\t\t\t\t<figcaption class='wp-caption-text gallery-caption' id='gallery-1-583'>\n\t\t\t\tPlatsbyggd Bokhylla Folkungagatan detalj\n\t\t\t\t<\/figcaption><\/figure>\n\t\t<\/div>\n\t\t<\/div>\n\t\t\t\t\t\t<\/div>\n\t\t\t\t<\/div>\n\t\t\t\t<\/div>\n\t\t\t\t\t<\/div>\n\t\t\t\t<\/div>\n\t\t\t\t<\/div>\n\t\t","protected":false},"excerpt":{"rendered":"<p>Platsbyggd Bokhylla&#8221;Folkungagatan&#8221;Lamelltr\u00e4, massiva lister. Undersk\u00e5p med profilerade d\u00f6rrar. Flyttbara hyllplan Handm\u00e5lad \u00a0 Fotograf: Sara Danielsson Platsbyggd Bokhylla Folkungagatan Platsbyggd Bokhylla [&hellip;]<\/p>\n","protected":false},"author":1,"featured_media":46,"parent":0,"menu_order":0,"comment_status":"closed","ping_status":"closed","template":"elementor_header_footer","meta":{"site-sidebar-layout":"default","site-content-layout":"","ast-site-content-layout":"","site-content-style":"default","site-sidebar-style":"default","ast-global-header-display":"","ast-banner-title-visibility":"","ast-main-header-display":"","ast-hfb-above-header-display":"","ast-hfb-below-header-display":"","ast-hfb-mobile-header-display":"","site-post-title":"","ast-breadcrumbs-content":"","ast-featured-img":"","footer-sml-layout":"","theme-transparent-header-meta":"","adv-header-id-meta":"","stick-header-meta":"","header-above-stick-meta":"","header-main-stick-meta":"","header-below-stick-meta":"","astra-migrate-meta-layouts":"default","ast-page-background-enabled":"default","ast-page-background-meta":{"desktop":{"background-color":"var(--ast-global-color-5)","background-image":"","background-repeat":"repeat","background-position":"center center","background-size":"auto","background-attachment":"scroll","background-type":"","background-media":"","overlay-type":"","overlay-color":"","overlay-opacity":"","overlay-gradient":""},"tablet":{"background-color":"","background-image":"","background-repeat":"repeat","background-position":"center center","background-size":"auto","background-attachment":"scroll","background-type":"","background-media":"","overlay-type":"","overlay-color":"","overlay-opacity":"","overlay-gradient":""},"mobile":{"background-color":"","background-image":"","background-repeat":"repeat","background-position":"center center","background-size":"auto","background-attachment":"scroll","background-type":"","background-media":"","overlay-type":"","overlay-color":"","overlay-opacity":"","overlay-gradient":""}},"ast-content-background-meta":{"desktop":{"background-color":"var(--ast-global-color-4)","background-image":"","background-repeat":"repeat","background-position":"center center","background-size":"auto","background-attachment":"scroll","background-type":"","background-media":"","overlay-type":"","overlay-color":"","overlay-opacity":"","overlay-gradient":""},"tablet":{"background-color":"var(--ast-global-color-4)","background-image":"","background-repeat":"repeat","background-position":"center center","background-size":"auto","background-attachment":"scroll","background-type":"","background-media":"","overlay-type":"","overlay-color":"","overlay-opacity":"","overlay-gradient":""},"mobile":{"background-color":"var(--ast-global-color-4)","background-image":"","background-repeat":"repeat","background-position":"center center","background-size":"auto","background-attachment":"scroll","background-type":"","background-media":"","overlay-type":"","overlay-color":"","overlay-opacity":"","overlay-gradient":""}},"footnotes":""},"class_list":["post-390","page","type-page","status-publish","has-post-thumbnail","hentry"],"_links":{"self":[{"href":"https:\/\/sodermalmssnickeri.se\/index.php?rest_route=\/wp\/v2\/pages\/390","targetHints":{"allow":["GET"]}}],"collection":[{"href":"https:\/\/sodermalmssnickeri.se\/index.php?rest_route=\/wp\/v2\/pages"}],"about":[{"href":"https:\/\/sodermalmssnickeri.se\/index.php?rest_route=\/wp\/v2\/types\/page"}],"author":[{"embeddable":true,"href":"https:\/\/sodermalmssnickeri.se\/index.php?rest_route=\/wp\/v2\/users\/1"}],"replies":[{"embeddable":true,"href":"https:\/\/sodermalmssnickeri.se\/index.php?rest_route=%2Fwp%2Fv2%2Fcomments&post=390"}],"version-history":[{"count":46,"href":"https:\/\/sodermalmssnickeri.se\/index.php?rest_route=\/wp\/v2\/pages\/390\/revisions"}],"predecessor-version":[{"id":1578,"href":"https:\/\/sodermalmssnickeri.se\/index.php?rest_route=\/wp\/v2\/pages\/390\/revisions\/1578"}],"wp:featuredmedia":[{"embeddable":true,"href":"https:\/\/sodermalmssnickeri.se\/index.php?rest_route=\/wp\/v2\/media\/46"}],"wp:attachment":[{"href":"https:\/\/sodermalmssnickeri.se\/index.php?rest_route=%2Fwp%2Fv2%2Fmedia&parent=390"}],"curies":[{"name":"wp","href":"https:\/\/api.w.org\/{rel}","templated":true}]}}